{"id":7,"date":"2019-09-06T15:05:37","date_gmt":"2019-09-06T15:05:37","guid":{"rendered":"https:\/\/www.sanumvita.dk\/?page_id=7"},"modified":"2019-10-21T17:40:41","modified_gmt":"2019-10-21T17:40:41","slug":"7-2","status":"publish","type":"page","link":"https:\/\/www.sanumvita.dk\/","title":{"rendered":"Hjem"},"content":{"rendered":"<p>[et_pb_section fb_built=&#8221;1&#8243; custom_padding_last_edited=&#8221;on|phone&#8221; admin_label=&#8221;Header&#8221; _builder_version=&#8221;3.22&#8243; use_background_color_gradient=&#8221;on&#8221; background_color_gradient_start=&#8221;rgba(22,29,67,0.3)&#8221; background_color_gradient_end=&#8221;rgba(0,0,0,0)&#8221; background_color_gradient_direction=&#8221;200deg&#8221; background_color_gradient_start_position=&#8221;62%&#8221; background_color_gradient_overlays_image=&#8221;on&#8221; background_image=&#8221;https:\/\/www.sanumvita.dk\/wp-content\/uploads\/2019\/09\/spa-09.jpg&#8221; parallax=&#8221;on&#8221; custom_padding=&#8221;3vw|11vw|0|0px|false|false&#8221; custom_padding_phone=&#8221;|10vw||&#8221; animation_style=&#8221;fade&#8221; animation_starting_opacity=&#8221;5%&#8221; animation_speed_curve=&#8221;ease-out&#8221; border_radii=&#8221;||||16vw&#8221; fb_built=&#8221;1&#8243; _i=&#8221;0&#8243; _address=&#8221;0&#8243;][et_pb_row column_structure=&#8221;3_4,1_4&#8243; use_custom_gutter=&#8221;on&#8221; gutter_width=&#8221;1&#8243; make_equal=&#8221;on&#8221; custom_padding_last_edited=&#8221;on|desktop&#8221; padding_top_bottom_link_1=&#8221;true&#8221; padding_top_bottom_link_2=&#8221;true&#8221; padding_left_right_link_1=&#8221;false&#8221; _builder_version=&#8221;3.25&#8243; use_background_color_gradient=&#8221;on&#8221; background_color_gradient_start=&#8221;rgba(255,255,255,0.88)&#8221; background_color_gradient_end=&#8221;rgba(255,255,255,0.4)&#8221; background_color_gradient_direction=&#8221;90deg&#8221; background_color_gradient_start_position=&#8221;70%&#8221; width=&#8221;100%&#8221; max_width=&#8221;100%&#8221; module_alignment=&#8221;left&#8221; custom_margin_tablet=&#8221;0vw|||&#8221; custom_margin_last_edited=&#8221;off|desktop&#8221; custom_padding=&#8221;0|2px|0||false|false&#8221; custom_padding_tablet=&#8221;|||0vw&#8221; animation_style=&#8221;slide&#8221; animation_direction=&#8221;left&#8221; animation_intensity_slide=&#8221;5%&#8221; border_radii=&#8221;||10vw||&#8221; use_custom_width=&#8221;on&#8221; width_unit=&#8221;off&#8221; custom_width_percent=&#8221;100%&#8221; locked=&#8221;off&#8221; _i=&#8221;0&#8243; _address=&#8221;0.0&#8243;][et_pb_column type=&#8221;3_4&#8243; _builder_version=&#8221;3.25&#8243; custom_padding=&#8221;80px|40px|80px|10vw&#8221; custom_padding_tablet=&#8221;40px||20px||false&#8221; custom_padding_phone=&#8221;|||&#8221; custom_padding_last_edited=&#8221;on|phone&#8221; _i=&#8221;0&#8243; _address=&#8221;0.0.0&#8243; custom_padding__hover=&#8221;|||&#8221;][et_pb_text _builder_version=&#8221;3.29.3&#8243; text_font=&#8221;||||||||&#8221; header_font=&#8221;Prata||||||||&#8221; header_font_size=&#8221;100px&#8221; header_line_height=&#8221;1.4em&#8221; header_6_font=&#8221;Open Sans|700||on|||||&#8221; header_6_letter_spacing=&#8221;5px&#8221; header_6_line_height=&#8221;1.6em&#8221; background_layout=&#8221;dark&#8221; max_width_tablet=&#8221;90%&#8221; max_width_last_edited=&#8221;on|desktop&#8221; module_alignment=&#8221;right&#8221; animation_style=&#8221;zoom&#8221; animation_intensity_zoom=&#8221;5%&#8221; header_font_size_tablet=&#8221;48px&#8221; header_font_size_phone=&#8221;32px&#8221; header_font_size_last_edited=&#8221;on|phone&#8221; header_6_font_size_last_edited=&#8221;on|desktop&#8221; text_text_shadow_style=&#8221;preset3&#8243; text_text_shadow_blur_strength=&#8221;3em&#8221; text_text_shadow_color=&#8221;rgba(22,29,67,0.24)&#8221; locked=&#8221;off&#8221; header_5_font_size__hover=&#8221;16px&#8221; header_5_font_size__hover_enabled=&#8221;16px&#8221; header_5_letter_spacing__hover=&#8221;0px&#8221; header_5_letter_spacing__hover_enabled=&#8221;0px&#8221; header_5_line_height__hover=&#8221;1em&#8221; header_5_line_height__hover_enabled=&#8221;1em&#8221; header_5_text_shadow_style__hover=&#8221;none&#8221; header_5_text_shadow_style__hover_enabled=&#8221;none&#8221; header_5_text_shadow_color__hover=&#8221;rgba(0,0,0,0.4)&#8221; header_5_text_shadow_color__hover_enabled=&#8221;rgba(0,0,0,0.4)&#8221; _i=&#8221;0&#8243; _address=&#8221;0.0.0.0&#8243;]<\/p>\n<h6>\u00a0 \u00a0 \u00a0\u00a0<img loading=\"lazy\" decoding=\"async\" src=\"https:\/\/www.sanumvita.dk\/wp-content\/uploads\/2019\/09\/Sanumvita_Logo.-300x174.png\" width=\"5\" height=\"3\" alt=\"\" class=\"wp-image-23 alignnone size-medium\" srcset=\"https:\/\/www.sanumvita.dk\/wp-content\/uploads\/2019\/09\/Sanumvita_Logo.-300x174.png 300w, https:\/\/www.sanumvita.dk\/wp-content\/uploads\/2019\/09\/Sanumvita_Logo.-768x446.png 768w, https:\/\/www.sanumvita.dk\/wp-content\/uploads\/2019\/09\/Sanumvita_Logo.-1024x595.png 1024w, https:\/\/www.sanumvita.dk\/wp-content\/uploads\/2019\/09\/Sanumvita_Logo.-400x284.png 400w, https:\/\/www.sanumvita.dk\/wp-content\/uploads\/2019\/09\/Sanumvita_Logo.-1080x627.png 1080w, https:\/\/www.sanumvita.dk\/wp-content\/uploads\/2019\/09\/Sanumvita_Logo.-510x382.png 510w\" sizes=\"auto, (max-width: 5px) 100vw, 5px\" \/>\u00a0<img loading=\"lazy\" decoding=\"async\" src=\"https:\/\/www.sanumvita.dk\/wp-content\/uploads\/2019\/10\/Sanumvita_Logo-4-300x174.png\" width=\"539\" height=\"313\" alt=\"\" class=\"wp-image-394 alignnone size-medium\" \/><\/h6>\n<p>&nbsp;<\/p>\n<h1><\/h1>\n<p>&nbsp;<\/p>\n<p>[\/et_pb_text][\/et_pb_column][et_pb_column type=&#8221;1_4&#8243; _builder_version=&#8221;3.25&#8243; custom_padding=&#8221;|||&#8221; custom_padding_tablet=&#8221;||||false&#8221; custom_padding_last_edited=&#8221;on|desktop&#8221; _i=&#8221;1&#8243; _address=&#8221;0.0.1&#8243; custom_padding__hover=&#8221;|||&#8221;][\/et_pb_column][\/et_pb_row][\/et_pb_section][et_pb_section fb_built=&#8221;1&#8243; admin_label=&#8221;Contact Info&#8221; _builder_version=&#8221;3.22&#8243; custom_padding=&#8221;0|0px|0|0px|false|false&#8221; fb_built=&#8221;1&#8243; _i=&#8221;1&#8243; _address=&#8221;1&#8243;][et_pb_row column_structure=&#8221;2_3,1_3&#8243; use_custom_gutter=&#8221;on&#8221; make_equal=&#8221;on&#8221; _builder_version=&#8221;3.25&#8243; width=&#8221;100%&#8221; max_width=&#8221;100%&#8221; module_alignment=&#8221;left&#8221; custom_margin=&#8221;||-20vw&#8221; custom_padding=&#8221;0||0||false|false&#8221; use_custom_width=&#8221;on&#8221; width_unit=&#8221;off&#8221; custom_width_percent=&#8221;100%&#8221; _i=&#8221;0&#8243; _address=&#8221;1.0&#8243;][et_pb_column type=&#8221;2_3&#8243; _builder_version=&#8221;3.25&#8243; custom_padding=&#8221;8vw|||&#8221; custom_padding_tablet=&#8221;0vw|||&#8221; custom_padding_last_edited=&#8221;on|tablet&#8221; _i=&#8221;0&#8243; _address=&#8221;1.0.0&#8243; custom_padding__hover=&#8221;|||&#8221;][\/et_pb_column][et_pb_column type=&#8221;1_3&#8243; _builder_version=&#8221;3.25&#8243; background_size=&#8221;contain&#8221; background_position=&#8221;bottom_right&#8221; custom_padding=&#8221;|||&#8221; _i=&#8221;1&#8243; _address=&#8221;1.0.1&#8243; custom_padding__hover=&#8221;|||&#8221;][et_pb_image src=&#8221;https:\/\/www.sanumvita.dk\/wp-content\/uploads\/2019\/09\/spa-01.png&#8221; align_tablet=&#8221;center&#8221; align_last_edited=&#8221;on|desktop&#8221; _builder_version=&#8221;3.23&#8243; max_width_tablet=&#8221;33%&#8221; max_width_last_edited=&#8221;on|tablet&#8221; module_alignment=&#8221;right&#8221; custom_margin=&#8221;-22vw||-22vw||true|&#8221; custom_margin_tablet=&#8221;-32vw||-32vw||true&#8221; custom_margin_phone=&#8221;-36vw||-36vw||true&#8221; custom_margin_last_edited=&#8221;on|desktop&#8221; custom_padding=&#8221;84px||0px|||&#8221; force_fullwidth__hover=&#8221;off&#8221; force_fullwidth__hover_enabled=&#8221;off&#8221; max_width__hover=&#8221;100%&#8221; max_width__hover_enabled=&#8221;100%&#8221; _i=&#8221;0&#8243; _address=&#8221;1.0.1.0&#8243;][\/et_pb_image][\/et_pb_column][\/et_pb_row][\/et_pb_section][et_pb_section fb_built=&#8221;1&#8243; admin_label=&#8221;Contact Form&#8221; _builder_version=&#8221;3.22&#8243; background_size=&#8221;initial&#8221; background_position=&#8221;top_center&#8221; custom_padding=&#8221;1px|0px|50px|0px|false|false&#8221; fb_built=&#8221;1&#8243; _i=&#8221;2&#8243; _address=&#8221;2&#8243;][et_pb_row _builder_version=&#8221;3.25&#8243; custom_padding=&#8221;0|0px|25.2969px|0px|false|false&#8221; _i=&#8221;0&#8243; _address=&#8221;2.0&#8243;][et_pb_column type=&#8221;4_4&#8243; _builder_version=&#8221;3.25&#8243; custom_padding=&#8221;|||&#8221; _i=&#8221;0&#8243; _address=&#8221;2.0.0&#8243; custom_padding__hover=&#8221;|||&#8221;][et_pb_text _builder_version=&#8221;3.27.4&#8243; text_font=&#8221;Open Sans||||||||&#8221; text_text_color=&#8221;#000000&#8243; text_line_height=&#8221;2em&#8221; header_font=&#8221;||||||||&#8221; header_2_font=&#8221;Prata||||||||&#8221; header_2_font_size=&#8221;50px&#8221; header_2_line_height=&#8221;1.4em&#8221; header_3_font=&#8221;Open Sans|700||on|||||&#8221; header_3_font_size=&#8221;14px&#8221; header_3_letter_spacing=&#8221;5px&#8221; header_3_line_height=&#8221;1.8em&#8221; custom_margin=&#8221;11px|||||&#8221; custom_padding=&#8221;23px|||||&#8221; animation_style=&#8221;zoom&#8221; animation_intensity_zoom=&#8221;5%&#8221; header_2_font_size_tablet=&#8221;40px&#8221; header_2_font_size_phone=&#8221;28px&#8221; header_2_font_size_last_edited=&#8221;on|phone&#8221; header_3_font_size_phone=&#8221;10px&#8221; header_3_font_size_last_edited=&#8221;on|phone&#8221; locked=&#8221;off&#8221; inline_fonts=&#8221;Trebuchet,Allan,Allura,Athiti&#8221; header_5_font_size__hover=&#8221;16px&#8221; header_5_font_size__hover_enabled=&#8221;16px&#8221; header_5_letter_spacing__hover=&#8221;0px&#8221; header_5_letter_spacing__hover_enabled=&#8221;0px&#8221; header_5_line_height__hover=&#8221;1em&#8221; header_5_line_height__hover_enabled=&#8221;1em&#8221; header_5_text_shadow_style__hover=&#8221;none&#8221; header_5_text_shadow_style__hover_enabled=&#8221;none&#8221; header_5_text_shadow_color__hover=&#8221;rgba(0,0,0,0.4)&#8221; header_5_text_shadow_color__hover_enabled=&#8221;rgba(0,0,0,0.4)&#8221; header_font_size__hover=&#8221;30px&#8221; header_font_size__hover_enabled=&#8221;30px&#8221; header_letter_spacing__hover=&#8221;0px&#8221; header_letter_spacing__hover_enabled=&#8221;0px&#8221; header_text_shadow_style__hover=&#8221;none&#8221; header_text_shadow_style__hover_enabled=&#8221;none&#8221; header_text_shadow_color__hover=&#8221;rgba(0,0,0,0.4)&#8221; header_text_shadow_color__hover_enabled=&#8221;rgba(0,0,0,0.4)&#8221; header_6_font_size__hover=&#8221;14px&#8221; header_6_font_size__hover_enabled=&#8221;14px&#8221; header_6_letter_spacing__hover=&#8221;0px&#8221; header_6_letter_spacing__hover_enabled=&#8221;0px&#8221; header_6_line_height__hover=&#8221;1em&#8221; header_6_line_height__hover_enabled=&#8221;1em&#8221; header_6_text_shadow_style__hover=&#8221;none&#8221; header_6_text_shadow_style__hover_enabled=&#8221;none&#8221; header_6_text_shadow_color__hover=&#8221;rgba(0,0,0,0.4)&#8221; header_6_text_shadow_color__hover_enabled=&#8221;rgba(0,0,0,0.4)&#8221; _i=&#8221;0&#8243; _address=&#8221;2.0.0.0&#8243;]<\/p>\n<p><span style=\"color: #000000;\"><strong style=\"font-family: Allura; font-size: xx-large;\"><span face=\"Allura\"><\/span><\/strong><\/span><\/p>\n<p><span style=\"color: #000000;\"><strong style=\"font-family: Allura; font-size: xx-large;\"><span face=\"Allura\"><\/span><\/strong><\/span><\/p>\n<p><span style=\"color: #000000;\"><strong style=\"font-family: Allura; font-size: xx-large;\"><span face=\"Allura\"><\/span><\/strong><\/span><\/p>\n<p><span style=\"color: #000000;\"><strong style=\"font-family: Allura; font-size: xx-large;\"><span face=\"Allura\">Start din helbredelse i dag !<\/span><\/strong><\/span><\/p>\n<h1><span face=\"Allura\" style=\"font-family: Athiti; font-weight: normal; font-size: large;\">Velkommen til dig, der har brug for hj\u00e6lp til at blive sund og f\u00e5 et godt liv. Jeg er hom\u00f8opatisk behandler, og arbejder med at helbrede fysiske og psykiske problemer ved at genoprette balancen i den grundl\u00e6ggende livskraft, der holder os sunde og raske som mennesker.\u00a0<\/span><\/h1>\n<p><span face=\"Allura\" style=\"font-family: Athiti; font-weight: normal; font-size: large;\"><\/span><\/p>\n<h1><strong><span style=\"font-family: Allura;\"><span face=\"Allura\">En Anerkendt behandlingsform.<\/span><\/span><\/strong><\/h1>\n<h1><span face=\"Allura\" style=\"font-family: Athiti; font-weight: normal; font-size: large;\">Hom\u00f8opati er endnu ikke s\u00e5 udbredt i Danmark som i resten af verden. I fx Tyskland, England og Holland er hom\u00f8opatisk behandling omfattet af samme ordninger som almen medicin.\u00a0<\/span><\/h1>\n<h1><span face=\"Allura\" style=\"font-family: Athiti; font-weight: normal; font-size: large;\">Der findes ogs\u00e5 \u201dHom\u00f8opater uden gr\u00e6nser\u201d, hvor hom\u00f8opater arbejder frivilligt og deltager i forskellige projekter i lande, hvor hom\u00f8opati ikke er tilg\u00e6ngelig for mindrebemidlede mennesker. Dette ligger smukt i tr\u00e5d med hom\u00f8opatiens grundl\u00e6ggende principper, hvor et menneske bliver helbredt fysisk, emotionelt og mentalt og s\u00e5ledes opn\u00e5r mulighed for en h\u00f8jere udvikling.<\/span><\/h1>\n<p>&nbsp;<\/p>\n<p>[\/et_pb_text][\/et_pb_column][\/et_pb_row][\/et_pb_section][et_pb_section fb_built=&#8221;1&#8243; custom_padding_last_edited=&#8221;on|phone&#8221; admin_label=&#8221;Footer&#8221; _builder_version=&#8221;3.29.3&#8243; background_image=&#8221;https:\/\/www.sanumvita.dk\/wp-content\/uploads\/2019\/10\/sanumvita-kopi.jpg&#8221; custom_padding=&#8221;0px|10vw|5vw|0px|false|false&#8221; custom_padding_phone=&#8221;|10vw||&#8221; fb_built=&#8221;1&#8243; _i=&#8221;3&#8243; _address=&#8221;3&#8243;][et_pb_row column_structure=&#8221;1_2,1_2&#8243; _builder_version=&#8221;3.29.3&#8243; _i=&#8221;0&#8243; _address=&#8221;3.0&#8243;][et_pb_column type=&#8221;1_2&#8243; _builder_version=&#8221;3.29.3&#8243; _i=&#8221;0&#8243; _address=&#8221;3.0.0&#8243;][\/et_pb_column][et_pb_column type=&#8221;1_2&#8243; _builder_version=&#8221;3.29.3&#8243; _i=&#8221;1&#8243; _address=&#8221;3.0.1&#8243;][et_pb_text _builder_version=&#8221;3.29.3&#8243; text_font=&#8221;Open Sans||||||||&#8221; text_text_color=&#8221;#000000&#8243; text_line_height=&#8221;2em&#8221; header_font=&#8221;||||||||&#8221; header_2_font=&#8221;Prata||||||||&#8221; header_2_font_size=&#8221;50px&#8221; header_2_line_height=&#8221;1.4em&#8221; header_3_font=&#8221;Open Sans|700||on|||||&#8221; header_3_font_size=&#8221;14px&#8221; header_3_letter_spacing=&#8221;5px&#8221; header_3_line_height=&#8221;1.8em&#8221; max_width=&#8221;600px&#8221; custom_margin=&#8221;56px|||||&#8221; custom_padding=&#8221;||0px|||&#8221; animation_style=&#8221;zoom&#8221; animation_intensity_zoom=&#8221;5%&#8221; header_2_font_size_tablet=&#8221;40px&#8221; header_2_font_size_phone=&#8221;28px&#8221; header_2_font_size_last_edited=&#8221;on|phone&#8221; header_3_font_size_phone=&#8221;10px&#8221; header_3_font_size_last_edited=&#8221;on|phone&#8221; locked=&#8221;off&#8221; inline_fonts=&#8221;Allura,Athiti&#8221; header_5_font_size__hover=&#8221;16px&#8221; header_5_font_size__hover_enabled=&#8221;16px&#8221; header_5_letter_spacing__hover=&#8221;0px&#8221; header_5_letter_spacing__hover_enabled=&#8221;0px&#8221; header_5_line_height__hover=&#8221;1em&#8221; header_5_line_height__hover_enabled=&#8221;1em&#8221; header_5_text_shadow_style__hover=&#8221;none&#8221; header_5_text_shadow_style__hover_enabled=&#8221;none&#8221; header_5_text_shadow_color__hover=&#8221;rgba(0,0,0,0.4)&#8221; header_5_text_shadow_color__hover_enabled=&#8221;rgba(0,0,0,0.4)&#8221; header_font_size__hover=&#8221;30px&#8221; header_font_size__hover_enabled=&#8221;30px&#8221; header_letter_spacing__hover=&#8221;0px&#8221; header_letter_spacing__hover_enabled=&#8221;0px&#8221; header_text_shadow_style__hover=&#8221;none&#8221; header_text_shadow_style__hover_enabled=&#8221;none&#8221; header_text_shadow_color__hover=&#8221;rgba(0,0,0,0.4)&#8221; header_text_shadow_color__hover_enabled=&#8221;rgba(0,0,0,0.4)&#8221; header_6_letter_spacing__hover=&#8221;0px&#8221; header_6_letter_spacing__hover_enabled=&#8221;0px&#8221; header_6_line_height__hover=&#8221;1em&#8221; header_6_line_height__hover_enabled=&#8221;1em&#8221; header_6_font_size__hover=&#8221;14px&#8221; header_6_font_size__hover_enabled=&#8221;14px&#8221; header_6_text_shadow_style__hover=&#8221;none&#8221; header_6_text_shadow_style__hover_enabled=&#8221;none&#8221; header_6_text_shadow_color__hover=&#8221;rgba(0,0,0,0.4)&#8221; header_6_text_shadow_color__hover_enabled=&#8221;rgba(0,0,0,0.4)&#8221; _i=&#8221;0&#8243; _address=&#8221;3.0.1.0&#8243;]<\/p>\n<p><strong style=\"font-size: xx-large;\"><span style=\"font-family: Allura;\">Om behandlingen\/processen.\u00a0<\/span><\/strong><\/p>\n<h4><span style=\"font-size: x-large;\"><span style=\"font-family: Allura;\">Den f\u00f8rste Konsultation.<\/span><\/span><\/h4>\n<p><span style=\"font-size: x-large;\"><span style=\"font-family: Allura;\"><\/span><\/span><\/p>\n<p><span style=\"font-family: Athiti; font-weight: normal; font-size: medium;\">For at skr\u00e6ddersy det rigtige og m\u00e5lrettede forl\u00f8b hos mig, m\u00e5 jeg f\u00f8rst l\u00e6re dig at kende og forst\u00e5 \u00e5rsagen til din lidelse. D\u00e9t kr\u00e6ver tillid\u00a0 mellem os og jeg vil derfor l\u00e6gge op at vi har en \u00e5ben og \u00e6rlig dialog, da det er helt afg\u00f8rende for, at jeg kan finde det rigtige remedie og hj\u00e6lpe dig. Derfor skal du regne med at den f\u00f8rste konsultation kan tage op til to timer eller l\u00e6ngere, s\u00e5fremt det er n\u00f8dvendigt. Efterf\u00f8lgende konsultationer tager kortere tid.<\/span><\/p>\n<p>&nbsp;<\/p>\n<p>[\/et_pb_text][et_pb_text _builder_version=&#8221;3.29.3&#8243; text_font=&#8221;Open Sans||||||||&#8221; text_text_color=&#8221;#000000&#8243; text_line_height=&#8221;2em&#8221; header_font=&#8221;||||||||&#8221; header_2_font=&#8221;Prata||||||||&#8221; header_2_font_size=&#8221;50px&#8221; header_2_line_height=&#8221;1.4em&#8221; header_3_font=&#8221;Open Sans|700||on|||||&#8221; header_3_font_size=&#8221;14px&#8221; header_3_letter_spacing=&#8221;5px&#8221; header_3_line_height=&#8221;1.8em&#8221; max_width=&#8221;600px&#8221; animation_style=&#8221;zoom&#8221; animation_intensity_zoom=&#8221;5%&#8221; header_2_font_size_tablet=&#8221;40px&#8221; header_2_font_size_phone=&#8221;28px&#8221; header_2_font_size_last_edited=&#8221;on|phone&#8221; header_3_font_size_phone=&#8221;10px&#8221; header_3_font_size_last_edited=&#8221;on|phone&#8221; locked=&#8221;off&#8221; inline_fonts=&#8221;Allura,Athiti&#8221; header_5_font_size__hover=&#8221;16px&#8221; header_5_font_size__hover_enabled=&#8221;16px&#8221; header_5_letter_spacing__hover=&#8221;0px&#8221; header_5_letter_spacing__hover_enabled=&#8221;0px&#8221; header_5_line_height__hover=&#8221;1em&#8221; header_5_line_height__hover_enabled=&#8221;1em&#8221; header_5_text_shadow_style__hover=&#8221;none&#8221; header_5_text_shadow_style__hover_enabled=&#8221;none&#8221; header_5_text_shadow_color__hover=&#8221;rgba(0,0,0,0.4)&#8221; header_5_text_shadow_color__hover_enabled=&#8221;rgba(0,0,0,0.4)&#8221; header_font_size__hover=&#8221;30px&#8221; header_font_size__hover_enabled=&#8221;30px&#8221; header_letter_spacing__hover=&#8221;0px&#8221; header_letter_spacing__hover_enabled=&#8221;0px&#8221; header_text_shadow_style__hover=&#8221;none&#8221; header_text_shadow_style__hover_enabled=&#8221;none&#8221; header_text_shadow_color__hover=&#8221;rgba(0,0,0,0.4)&#8221; header_text_shadow_color__hover_enabled=&#8221;rgba(0,0,0,0.4)&#8221; header_6_letter_spacing__hover=&#8221;0px&#8221; header_6_letter_spacing__hover_enabled=&#8221;0px&#8221; header_6_line_height__hover=&#8221;1em&#8221; header_6_line_height__hover_enabled=&#8221;1em&#8221; header_6_font_size__hover=&#8221;14px&#8221; header_6_font_size__hover_enabled=&#8221;14px&#8221; header_6_text_shadow_style__hover=&#8221;none&#8221; header_6_text_shadow_style__hover_enabled=&#8221;none&#8221; header_6_text_shadow_color__hover=&#8221;rgba(0,0,0,0.4)&#8221; header_6_text_shadow_color__hover_enabled=&#8221;rgba(0,0,0,0.4)&#8221; _i=&#8221;1&#8243; _address=&#8221;3.0.1.1&#8243;]<\/p>\n<p><span style=\"font-family: Allura; font-weight: normal; font-size: xx-large;\"><strong>S\u00e5dan helbreder hom\u00f8opati.<\/strong><\/span><\/p>\n<p><span style=\"font-family: Athiti; font-weight: normal; font-size: large;\">Et b\u00e6rende princip i hom\u00f8opati er, at lige helbreder lige. Et stof, der normalt vil fremkalde et bestemt symptom, kan i ekstrem fortyndet og potenseret form bruges til at behandle\u00a0samme symptom. Et andet princip i klassisk hom\u00f8opati er, at sygdom kun behandles med \u00e9t remedie\/produkt ad gangen \u2013 aldrig med en kombination \u2013 og at hom\u00f8opaten finder frem til dette remedie\/produkt ved at se p\u00e5 personens samlede symptombilleder, personlighedskarakteristika og livsforl\u00f8b.<\/span><\/p>\n<p>[\/et_pb_text][\/et_pb_column][\/et_pb_row][\/et_pb_section][et_pb_section fb_built=&#8221;1&#8243; admin_label=&#8221;Contact Info&#8221; _builder_version=&#8221;3.22&#8243; custom_padding=&#8221;0|0px|0|0px|false|false&#8221; fb_built=&#8221;1&#8243; _i=&#8221;4&#8243; _address=&#8221;4&#8243;][et_pb_row column_structure=&#8221;2_3,1_3&#8243; use_custom_gutter=&#8221;on&#8221; make_equal=&#8221;on&#8221; _builder_version=&#8221;3.25&#8243; width=&#8221;100%&#8221; max_width=&#8221;100%&#8221; module_alignment=&#8221;left&#8221; custom_margin=&#8221;||-20vw&#8221; custom_padding=&#8221;0||0||false|false&#8221; use_custom_width=&#8221;on&#8221; width_unit=&#8221;off&#8221; custom_width_percent=&#8221;100%&#8221; _i=&#8221;0&#8243; _address=&#8221;4.0&#8243;][et_pb_column type=&#8221;2_3&#8243; _builder_version=&#8221;3.25&#8243; custom_padding=&#8221;8vw|||&#8221; custom_padding_tablet=&#8221;0vw|||&#8221; custom_padding_last_edited=&#8221;on|tablet&#8221; _i=&#8221;0&#8243; _address=&#8221;4.0.0&#8243; custom_padding__hover=&#8221;|||&#8221;][\/et_pb_column][et_pb_column type=&#8221;1_3&#8243; _builder_version=&#8221;3.25&#8243; background_size=&#8221;contain&#8221; background_position=&#8221;bottom_right&#8221; custom_padding=&#8221;|||&#8221; _i=&#8221;1&#8243; _address=&#8221;4.0.1&#8243; custom_padding__hover=&#8221;|||&#8221;][et_pb_image src=&#8221;https:\/\/www.sanumvita.dk\/wp-content\/uploads\/2019\/09\/spa-01.png&#8221; align_tablet=&#8221;center&#8221; align_last_edited=&#8221;on|desktop&#8221; _builder_version=&#8221;3.23&#8243; max_width_tablet=&#8221;33%&#8221; max_width_last_edited=&#8221;on|tablet&#8221; module_alignment=&#8221;right&#8221; custom_margin=&#8221;-5vw||-5vw||true&#8221; custom_margin_tablet=&#8221;-32vw||-32vw||true&#8221; custom_margin_phone=&#8221;-36vw||-36vw||true&#8221; custom_margin_last_edited=&#8221;on|desktop&#8221; force_fullwidth__hover=&#8221;off&#8221; force_fullwidth__hover_enabled=&#8221;off&#8221; max_width__hover=&#8221;100%&#8221; max_width__hover_enabled=&#8221;100%&#8221; _i=&#8221;0&#8243; _address=&#8221;4.0.1.0&#8243;][\/et_pb_image][\/et_pb_column][\/et_pb_row][\/et_pb_section]<\/p>\n","protected":false},"excerpt":{"rendered":"<p>\u00a0 \u00a0 \u00a0\u00a0\u00a0 &nbsp; &nbsp; Start din helbredelse i dag ! Velkommen til dig, der har brug for hj\u00e6lp til at blive sund og f\u00e5 et godt liv. Jeg er hom\u00f8opatisk behandler, og arbejder med at helbrede fysiske og psykiske problemer ved at genoprette balancen i den grundl\u00e6ggende livskraft, der holder os sunde og raske [&hellip;]<\/p>\n","protected":false},"author":1,"featured_media":0,"parent":0,"menu_order":0,"comment_status":"closed","ping_status":"closed","template":"","meta":{"_et_pb_use_builder":"on","_et_pb_old_content":"","_et_gb_content_width":"","footnotes":""},"class_list":["post-7","page","type-page","status-publish","hentry"],"_links":{"self":[{"href":"https:\/\/www.sanumvita.dk\/index.php\/wp-json\/wp\/v2\/pages\/7","targetHints":{"allow":["GET"]}}],"collection":[{"href":"https:\/\/www.sanumvita.dk\/index.php\/wp-json\/wp\/v2\/pages"}],"about":[{"href":"https:\/\/www.sanumvita.dk\/index.php\/wp-json\/wp\/v2\/types\/page"}],"author":[{"embeddable":true,"href":"https:\/\/www.sanumvita.dk\/index.php\/wp-json\/wp\/v2\/users\/1"}],"replies":[{"embeddable":true,"href":"https:\/\/www.sanumvita.dk\/index.php\/wp-json\/wp\/v2\/comments?post=7"}],"version-history":[{"count":87,"href":"https:\/\/www.sanumvita.dk\/index.php\/wp-json\/wp\/v2\/pages\/7\/revisions"}],"predecessor-version":[{"id":885,"href":"https:\/\/www.sanumvita.dk\/index.php\/wp-json\/wp\/v2\/pages\/7\/revisions\/885"}],"wp:attachment":[{"href":"https:\/\/www.sanumvita.dk\/index.php\/wp-json\/wp\/v2\/media?parent=7"}],"curies":[{"name":"wp","href":"https:\/\/api.w.org\/{rel}","templated":true}]}}