{"id":218,"date":"2019-09-30T22:42:53","date_gmt":"2019-09-30T22:42:53","guid":{"rendered":"https:\/\/www.sanumvita.dk\/?page_id=218"},"modified":"2025-05-01T11:23:07","modified_gmt":"2025-05-01T10:23:07","slug":"kontakt","status":"publish","type":"page","link":"https:\/\/www.sanumvita.dk\/index.php\/kontakt\/","title":{"rendered":"Kontakt og Priser"},"content":{"rendered":"<p>[et_pb_section fb_built=&#8221;1&#8243; _builder_version=&#8221;3.22&#8243; custom_padding=&#8221;0|0px|0|0px|false|false&#8221; global_colors_info=&#8221;{}&#8221;][et_pb_row _builder_version=&#8221;3.25&#8243; custom_padding=&#8221;0|0px|0|0px|false|false&#8221; global_colors_info=&#8221;{}&#8221;][et_pb_column type=&#8221;4_4&#8243; _builder_version=&#8221;3.25&#8243; custom_padding=&#8221;|||&#8221; global_colors_info=&#8221;{}&#8221; custom_padding__hover=&#8221;|||&#8221;][et_pb_sidebar area=&#8221;sidebar-7&#8243; _builder_version=&#8221;3.19.18&#8243; global_colors_info=&#8221;{}&#8221;][\/et_pb_sidebar][\/et_pb_column][\/et_pb_row][\/et_pb_section][et_pb_section fb_built=&#8221;1&#8243; custom_padding_last_edited=&#8221;on|phone&#8221; admin_label=&#8221;Header&#8221; _builder_version=&#8221;3.22&#8243; use_background_color_gradient=&#8221;on&#8221; background_color_gradient_start=&#8221;rgba(22,29,67,0.3)&#8221; background_color_gradient_end=&#8221;rgba(0,0,0,0)&#8221; background_color_gradient_direction=&#8221;200deg&#8221; background_color_gradient_start_position=&#8221;62%&#8221; background_color_gradient_overlays_image=&#8221;on&#8221; background_image=&#8221;https:\/\/www.sanumvita.dk\/wp-content\/uploads\/2019\/09\/spa-09.jpg&#8221; parallax=&#8221;on&#8221; custom_padding=&#8221;3vw|11vw|0|0px|false|false&#8221; custom_padding_tablet=&#8221;&#8221; custom_padding_phone=&#8221;|10vw||&#8221; animation_style=&#8221;fade&#8221; animation_starting_opacity=&#8221;5%&#8221; animation_speed_curve=&#8221;ease-out&#8221; border_radii=&#8221;||||16vw&#8221; global_colors_info=&#8221;{}&#8221;][et_pb_row column_structure=&#8221;3_4,1_4&#8243; use_custom_gutter=&#8221;on&#8221; gutter_width=&#8221;1&#8243; make_equal=&#8221;on&#8221; custom_padding_last_edited=&#8221;on|desktop&#8221; padding_top_bottom_link_1=&#8221;true&#8221; padding_top_bottom_link_2=&#8221;true&#8221; padding_left_right_link_1=&#8221;false&#8221; _builder_version=&#8221;3.29.3&#8243; use_background_color_gradient=&#8221;on&#8221; background_color_gradient_start=&#8221;rgba(255,255,255,0.88)&#8221; background_color_gradient_end=&#8221;rgba(255,255,255,0.4)&#8221; background_color_gradient_direction=&#8221;90deg&#8221; background_color_gradient_start_position=&#8221;70%&#8221; width=&#8221;100%&#8221; max_width=&#8221;100%&#8221; module_alignment=&#8221;left&#8221; custom_margin_tablet=&#8221;0vw|||&#8221; custom_margin_last_edited=&#8221;off|desktop&#8221; custom_padding=&#8221;0|2px|0||false|false&#8221; custom_padding_tablet=&#8221;|||0vw&#8221; custom_padding_phone=&#8221;&#8221; animation_style=&#8221;slide&#8221; animation_direction=&#8221;left&#8221; animation_intensity_slide=&#8221;5%&#8221; border_radii=&#8221;||10vw||&#8221; use_custom_width=&#8221;on&#8221; width_unit=&#8221;off&#8221; custom_width_percent=&#8221;100%&#8221; locked=&#8221;off&#8221; global_colors_info=&#8221;{}&#8221;][et_pb_column type=&#8221;3_4&#8243; _builder_version=&#8221;3.25&#8243; custom_padding=&#8221;80px|40px|80px|10vw&#8221; custom_padding_tablet=&#8221;40px||20px||false&#8221; custom_padding_phone=&#8221;|||&#8221; custom_padding_last_edited=&#8221;on|phone&#8221; global_colors_info=&#8221;{}&#8221; custom_padding__hover=&#8221;|||&#8221;][et_pb_text _builder_version=&#8221;3.29.3&#8243; text_font=&#8221;||||||||&#8221; header_font=&#8221;Prata||||||||&#8221; header_font_size=&#8221;100px&#8221; header_line_height=&#8221;1.4em&#8221; header_6_font=&#8221;Open Sans|700||on|||||&#8221; header_6_letter_spacing=&#8221;5px&#8221; header_6_line_height=&#8221;1.6em&#8221; background_layout=&#8221;dark&#8221; max_width_tablet=&#8221;90%&#8221; max_width_phone=&#8221;&#8221; max_width_last_edited=&#8221;on|desktop&#8221; module_alignment=&#8221;right&#8221; animation_style=&#8221;zoom&#8221; animation_intensity_zoom=&#8221;5%&#8221; header_font_size_tablet=&#8221;48px&#8221; header_font_size_phone=&#8221;32px&#8221; header_font_size_last_edited=&#8221;on|phone&#8221; header_6_font_size_tablet=&#8221;&#8221; header_6_font_size_phone=&#8221;&#8221; header_6_font_size_last_edited=&#8221;on|desktop&#8221; text_text_shadow_style=&#8221;preset3&#8243; text_text_shadow_blur_strength=&#8221;3em&#8221; text_text_shadow_color=&#8221;rgba(22,29,67,0.24)&#8221; locked=&#8221;off&#8221; global_colors_info=&#8221;{}&#8221; header_5_font_size__hover=&#8221;16px&#8221; header_5_font_size__hover_enabled=&#8221;16px&#8221; header_5_letter_spacing__hover=&#8221;0px&#8221; header_5_letter_spacing__hover_enabled=&#8221;0px&#8221; header_5_line_height__hover=&#8221;1em&#8221; header_5_line_height__hover_enabled=&#8221;1em&#8221; header_5_text_shadow_style__hover=&#8221;none&#8221; header_5_text_shadow_style__hover_enabled=&#8221;none&#8221; header_5_text_shadow_color__hover=&#8221;rgba(0,0,0,0.4)&#8221; header_5_text_shadow_color__hover_enabled=&#8221;rgba(0,0,0,0.4)&#8221;]<\/p>\n<h6>&nbsp;<a href=\"https:\/\/www.sanumvita.dk\"><img loading=\"lazy\" decoding=\"async\" src=\"https:\/\/www.sanumvita.dk\/wp-content\/uploads\/2019\/10\/Sanumvita_Logo-4-300x174.png\" width=\"338\" height=\"196\" alt=\"\" class=\"wp-image-394 alignnone size-medium\"><\/a><\/h6>\n<p>&nbsp;<\/p>\n<h1><\/h1>\n<p>&nbsp;[\/et_pb_text][et_pb_text _builder_version=&#8221;3.29.3&#8243; text_font=&#8221;||||||||&#8221; text_text_color=&#8221;#000000&#8243; width=&#8221;93.7%&#8221; inline_fonts=&#8221;Allura,Bad Script,Athiti,Atma&#8221; global_colors_info=&#8221;{}&#8221;]<\/p>\n<p><span style=\"font-family: Allura; font-size: xx-large;\">\u00a0Lad mig hj\u00e6lpe dig &#8211; uanset din situation !<\/span><\/p>\n<p><span style=\"font-weight: normal;\">\u00a0<\/span><\/p>\n<p><span style=\"font-family: Athiti; font-weight: normal; font-size: large;\">For mig er det vigtigste i hom\u00f8opati at hj\u00e6lpe andre, s\u00e5 kontakt mig uanset hvad din helbredsm\u00e6ssige eller \u00f8konomiske situation er. <\/span><\/p>\n<p><span style=\"font-family: Athiti; font-weight: normal; font-size: large;\">Sammen finder vi ud af, hvad dit behov er \u2013 og ogs\u00e5 om der er brug for delbetaling eller reduceret pris.\u00a0<\/span><\/p>\n<p><span style=\"font-size: large; font-family: Athiti; font-weight: normal;\">F\u00f8rste konsultation &#8211; 900 kr.<br \/>Efterf\u00f8lgende konsultation &#8211; 600 kr.<br \/>B\u00f8rn, studerende, ledige og pensionister pris efter aftale.<\/span><\/p>\n<p>&nbsp;<\/p>\n<p><span style=\"font-weight: normal; font-size: xx-large; font-family: Allura;\">Ring eller skriv til mig:\u00a0<\/span><\/p>\n<p><span style=\"font-family: Athiti; font-size: large;\"><br \/>Tlf. nr: +45 6052 2859\u00a0 email: <\/span><span style=\"font-family: Athiti; font-size: large; color: #36a857;\"><a href=\"mailto:jensensofia25@gmail.com\" style=\"color: #36a857;\">sanumvita@sanumvita.dk<\/a><\/span><span style=\"font-weight: normal; font-size: xx-large; font-family: Allura;\"><\/span><\/p>\n<p>CVR: 29344876\u00a0<span style=\"font-family: Athiti; font-weight: normal; font-size: large;\"><span style=\"color: #000000;\"><\/span><\/span><\/p>\n<p><span style=\"font-weight: normal; font-size: xx-large; font-family: Allura;\"><\/span><\/p>\n<p><span style=\"font-weight: normal; font-size: xx-large; font-family: Allura;\"><\/span><\/p>\n<p><span style=\"font-weight: normal; font-size: x-large; font-family: Allura;\">Konsultationer finder sted centralt p\u00e5 Frederiksberg.<\/span><\/p>\n<p>&nbsp;<\/p>\n<p>[\/et_pb_text][\/et_pb_column][et_pb_column type=&#8221;1_4&#8243; _builder_version=&#8221;3.25&#8243; custom_padding=&#8221;|||&#8221; custom_padding_tablet=&#8221;||||false&#8221; custom_padding_phone=&#8221;&#8221; custom_padding_last_edited=&#8221;on|desktop&#8221; global_colors_info=&#8221;{}&#8221; custom_padding__hover=&#8221;|||&#8221;][\/et_pb_column][\/et_pb_row][\/et_pb_section][et_pb_section fb_built=&#8221;1&#8243; admin_label=&#8221;Contact Info&#8221; _builder_version=&#8221;3.22&#8243; custom_padding=&#8221;0|0px|0|0px|false|false&#8221; global_colors_info=&#8221;{}&#8221;][et_pb_row column_structure=&#8221;2_3,1_3&#8243; use_custom_gutter=&#8221;on&#8221; make_equal=&#8221;on&#8221; _builder_version=&#8221;3.25&#8243; width=&#8221;100%&#8221; max_width=&#8221;100%&#8221; module_alignment=&#8221;left&#8221; custom_margin=&#8221;||-20vw&#8221; custom_padding=&#8221;0||0||false|false&#8221; use_custom_width=&#8221;on&#8221; width_unit=&#8221;off&#8221; custom_width_percent=&#8221;100%&#8221; global_colors_info=&#8221;{}&#8221;][et_pb_column type=&#8221;2_3&#8243; _builder_version=&#8221;3.25&#8243; custom_padding=&#8221;8vw|||&#8221; custom_padding_tablet=&#8221;0vw|||&#8221; custom_padding_phone=&#8221;&#8221; custom_padding_last_edited=&#8221;on|tablet&#8221; global_colors_info=&#8221;{}&#8221; custom_padding__hover=&#8221;|||&#8221;][\/et_pb_column][et_pb_column type=&#8221;1_3&#8243; _builder_version=&#8221;3.25&#8243; background_size=&#8221;contain&#8221; background_position=&#8221;bottom_right&#8221; custom_padding=&#8221;|||&#8221; global_colors_info=&#8221;{}&#8221; custom_padding__hover=&#8221;|||&#8221;][et_pb_image src=&#8221;https:\/\/www.sanumvita.dk\/wp-content\/uploads\/2019\/09\/spa-01.png&#8221; align_tablet=&#8221;center&#8221; align_phone=&#8221;&#8221; align_last_edited=&#8221;on|desktop&#8221; _builder_version=&#8221;3.23&#8243; max_width_tablet=&#8221;33%&#8221; max_width_phone=&#8221;&#8221; max_width_last_edited=&#8221;on|tablet&#8221; module_alignment=&#8221;right&#8221; custom_margin=&#8221;-5vw||-5vw||true&#8221; custom_margin_tablet=&#8221;-32vw||-32vw||true&#8221; custom_margin_phone=&#8221;-36vw||-36vw||true&#8221; custom_margin_last_edited=&#8221;on|desktop&#8221; global_colors_info=&#8221;{}&#8221; force_fullwidth__hover=&#8221;off&#8221; force_fullwidth__hover_enabled=&#8221;off&#8221; max_width__hover=&#8221;100%&#8221; max_width__hover_enabled=&#8221;100%&#8221;][\/et_pb_image][\/et_pb_column][\/et_pb_row][\/et_pb_section]<\/p>\n","protected":false},"excerpt":{"rendered":"<p>&nbsp; &nbsp; &nbsp;\u00a0Lad mig hj\u00e6lpe dig &#8211; uanset din situation ! \u00a0 For mig er det vigtigste i hom\u00f8opati at hj\u00e6lpe andre, s\u00e5 kontakt mig uanset hvad din helbredsm\u00e6ssige eller \u00f8konomiske situation er. Sammen finder vi ud af, hvad dit behov er \u2013 og ogs\u00e5 om der er brug for delbetaling eller reduceret pris.\u00a0 F\u00f8rste [&hellip;]<\/p>\n","protected":false},"author":1,"featured_media":0,"parent":0,"menu_order":0,"comment_status":"closed","ping_status":"closed","template":"","meta":{"_et_pb_use_builder":"on","_et_pb_old_content":"","_et_gb_content_width":"","footnotes":""},"class_list":["post-218","page","type-page","status-publish","hentry"],"_links":{"self":[{"href":"https:\/\/www.sanumvita.dk\/index.php\/wp-json\/wp\/v2\/pages\/218","targetHints":{"allow":["GET"]}}],"collection":[{"href":"https:\/\/www.sanumvita.dk\/index.php\/wp-json\/wp\/v2\/pages"}],"about":[{"href":"https:\/\/www.sanumvita.dk\/index.php\/wp-json\/wp\/v2\/types\/page"}],"author":[{"embeddable":true,"href":"https:\/\/www.sanumvita.dk\/index.php\/wp-json\/wp\/v2\/users\/1"}],"replies":[{"embeddable":true,"href":"https:\/\/www.sanumvita.dk\/index.php\/wp-json\/wp\/v2\/comments?post=218"}],"version-history":[{"count":27,"href":"https:\/\/www.sanumvita.dk\/index.php\/wp-json\/wp\/v2\/pages\/218\/revisions"}],"predecessor-version":[{"id":883,"href":"https:\/\/www.sanumvita.dk\/index.php\/wp-json\/wp\/v2\/pages\/218\/revisions\/883"}],"wp:attachment":[{"href":"https:\/\/www.sanumvita.dk\/index.php\/wp-json\/wp\/v2\/media?parent=218"}],"curies":[{"name":"wp","href":"https:\/\/api.w.org\/{rel}","templated":true}]}}