{"id":177,"date":"2019-09-30T21:49:56","date_gmt":"2019-09-30T21:49:56","guid":{"rendered":"https:\/\/www.sanumvita.dk\/?page_id=177"},"modified":"2020-12-07T11:06:18","modified_gmt":"2020-12-07T11:06:18","slug":"homeopathy","status":"publish","type":"page","link":"https:\/\/www.sanumvita.dk\/index.php\/homeopathy\/","title":{"rendered":"Om mig"},"content":{"rendered":"<p>[et_pb_section fb_built=&#8221;1&#8243; _builder_version=&#8221;3.22&#8243; custom_padding=&#8221;0|0px|0|0px|false|false&#8221; fb_built=&#8221;1&#8243; _i=&#8221;0&#8243; _address=&#8221;0&#8243;][et_pb_row _builder_version=&#8221;3.25&#8243; custom_padding=&#8221;0|0px|0|0px|false|false&#8221; _i=&#8221;0&#8243; _address=&#8221;0.0&#8243;][et_pb_column type=&#8221;4_4&#8243; _builder_version=&#8221;3.25&#8243; custom_padding=&#8221;|||&#8221; _i=&#8221;0&#8243; _address=&#8221;0.0.0&#8243; custom_padding__hover=&#8221;|||&#8221;][et_pb_sidebar area=&#8221;sidebar-7&#8243; _builder_version=&#8221;3.19.18&#8243; _i=&#8221;0&#8243; _address=&#8221;0.0.0.0&#8243;][\/et_pb_sidebar][\/et_pb_column][\/et_pb_row][\/et_pb_section][et_pb_section fb_built=&#8221;1&#8243; custom_padding_last_edited=&#8221;on|phone&#8221; admin_label=&#8221;Header&#8221; _builder_version=&#8221;3.22&#8243; use_background_color_gradient=&#8221;on&#8221; background_color_gradient_start=&#8221;rgba(22,29,67,0.3)&#8221; background_color_gradient_end=&#8221;rgba(0,0,0,0)&#8221; background_color_gradient_direction=&#8221;200deg&#8221; background_color_gradient_start_position=&#8221;62%&#8221; background_color_gradient_overlays_image=&#8221;on&#8221; background_image=&#8221;https:\/\/www.sanumvita.dk\/wp-content\/uploads\/2019\/09\/spa-09.jpg&#8221; parallax=&#8221;on&#8221; custom_padding=&#8221;3vw|11vw|0|0px|false|false&#8221; custom_padding_phone=&#8221;|10vw||&#8221; animation_style=&#8221;fade&#8221; animation_starting_opacity=&#8221;5%&#8221; animation_speed_curve=&#8221;ease-out&#8221; border_radii=&#8221;||||16vw&#8221; fb_built=&#8221;1&#8243; _i=&#8221;1&#8243; _address=&#8221;1&#8243;][et_pb_row column_structure=&#8221;3_4,1_4&#8243; use_custom_gutter=&#8221;on&#8221; gutter_width=&#8221;1&#8243; make_equal=&#8221;on&#8221; custom_padding_last_edited=&#8221;on|desktop&#8221; padding_top_bottom_link_1=&#8221;true&#8221; padding_top_bottom_link_2=&#8221;true&#8221; padding_left_right_link_1=&#8221;false&#8221; _builder_version=&#8221;3.25&#8243; use_background_color_gradient=&#8221;on&#8221; background_color_gradient_start=&#8221;rgba(255,255,255,0.88)&#8221; background_color_gradient_end=&#8221;rgba(255,255,255,0.4)&#8221; background_color_gradient_direction=&#8221;90deg&#8221; background_color_gradient_start_position=&#8221;70%&#8221; width=&#8221;100%&#8221; max_width=&#8221;100%&#8221; module_alignment=&#8221;left&#8221; custom_margin_tablet=&#8221;0vw|||&#8221; custom_margin_last_edited=&#8221;off|desktop&#8221; custom_padding=&#8221;0|2px|0||false|false&#8221; custom_padding_tablet=&#8221;|||0vw&#8221; animation_style=&#8221;slide&#8221; animation_direction=&#8221;left&#8221; animation_intensity_slide=&#8221;5%&#8221; border_radii=&#8221;||10vw||&#8221; use_custom_width=&#8221;on&#8221; width_unit=&#8221;off&#8221; custom_width_percent=&#8221;100%&#8221; locked=&#8221;off&#8221; _i=&#8221;0&#8243; _address=&#8221;1.0&#8243;][et_pb_column type=&#8221;3_4&#8243; _builder_version=&#8221;3.25&#8243; custom_padding=&#8221;80px|40px|80px|10vw&#8221; custom_padding_tablet=&#8221;40px||20px||false&#8221; custom_padding_phone=&#8221;|||&#8221; custom_padding_last_edited=&#8221;on|phone&#8221; _i=&#8221;0&#8243; _address=&#8221;1.0.0&#8243; custom_padding__hover=&#8221;|||&#8221;][et_pb_text _builder_version=&#8221;3.29.3&#8243; text_font=&#8221;||||||||&#8221; text_text_color=&#8221;#000000&#8243; header_font=&#8221;Prata||||||||&#8221; header_font_size=&#8221;100px&#8221; header_line_height=&#8221;1.4em&#8221; header_6_font=&#8221;Open Sans|700||on|||||&#8221; header_6_letter_spacing=&#8221;5px&#8221; header_6_line_height=&#8221;1.6em&#8221; background_layout=&#8221;dark&#8221; max_width_tablet=&#8221;90%&#8221; max_width_last_edited=&#8221;on|desktop&#8221; module_alignment=&#8221;right&#8221; animation_style=&#8221;zoom&#8221; animation_intensity_zoom=&#8221;5%&#8221; link_option_url_new_window=&#8221;on&#8221; hover_enabled=&#8221;0&#8243; header_font_size_tablet=&#8221;48px&#8221; header_font_size_phone=&#8221;32px&#8221; header_font_size_last_edited=&#8221;on|phone&#8221; header_6_font_size_last_edited=&#8221;on|desktop&#8221; text_text_shadow_style=&#8221;preset3&#8243; text_text_shadow_blur_strength=&#8221;3em&#8221; text_text_shadow_color=&#8221;rgba(22,29,67,0.24)&#8221; locked=&#8221;off&#8221; inline_fonts=&#8221;Allura,Athiti&#8221; header_5_font_size__hover=&#8221;16px&#8221; header_5_font_size__hover_enabled=&#8221;16px&#8221; header_5_letter_spacing__hover=&#8221;0px&#8221; header_5_letter_spacing__hover_enabled=&#8221;0px&#8221; header_5_line_height__hover=&#8221;1em&#8221; header_5_line_height__hover_enabled=&#8221;1em&#8221; header_5_text_shadow_style__hover=&#8221;none&#8221; header_5_text_shadow_style__hover_enabled=&#8221;none&#8221; header_5_text_shadow_color__hover=&#8221;rgba(0,0,0,0.4)&#8221; header_5_text_shadow_color__hover_enabled=&#8221;rgba(0,0,0,0.4)&#8221; _i=&#8221;0&#8243; _address=&#8221;1.0.0.0&#8243;]<\/p>\n<h6><\/h6>\n<h6><a href=\"https:\/\/www.sanumvita.dk\"><img loading=\"lazy\" decoding=\"async\" src=\"https:\/\/www.sanumvita.dk\/wp-content\/uploads\/2019\/10\/Sanumvita_Logo-4-300x174.png\" width=\"338\" height=\"196\" alt=\"\" class=\"wp-image-394 alignnone size-medium\" \/><\/a><\/h6>\n<p>&nbsp;<\/p>\n<p><span style=\"font-family: Allura; font-weight: normal; font-size: xx-large;\"><strong><\/strong><\/span><\/p>\n<p><span style=\"font-family: Allura; font-weight: normal; font-size: xx-large;\"><strong><\/strong><\/span><\/p>\n<p><span style=\"font-family: Allura; font-weight: normal; font-size: xx-large;\"><strong>Hvem er jeg?<\/strong><\/span><\/p>\n<p><span style=\"font-family: Allura; font-weight: normal; font-size: xx-large;\"><strong><\/strong><\/span><\/p>\n<p><span style=\"font-family: Allura; font-weight: normal; font-size: xx-large;\"><strong><\/strong><\/span><\/p>\n<p>Jeg hedder Sofia Jensen og er uddannet ved <span> <\/span><a href=\"http:\/\/homeopati-instituttet.dk\/\" target=\"_blank\" rel=\"noopener noreferrer\"><span>Hom\u00f8opati Instituttet<\/span><\/a><span> <\/span>i K\u00f8benhavn.\u00a0\u00a0Jeg har videreuddannet mig p\u00e5 International Academy of Classical Homeopathy og har som eneste dansker diplom fra\u00a0<a href=\"https:\/\/www.vithoulkas.com\" target=\"_blank\" rel=\"noopener noreferrer\">vithoulkas.com\u00a0<\/a><\/p>\n<p>Jeg er desuden optaget p\u00e5 akademiets liste over honourable members\u00a0<a href=\"https:\/\/www.vithoulkas.com\/academy\/diploma-holders-worldwide\/Denmark#country\" target=\"_blank\" rel=\"noopener noreferrer\">\u00a0se her.<\/a><\/p>\n<p>Jeg er rigtig glad for fortsat at v\u00e6re tilknyttet det internationale akademi, og jeg deltager som aktivt medlem i en lang r\u00e6kke seminarer og kurser. Det betyder ogs\u00e5, at jeg fortsat har t\u00e6t kontakt til professor <span><a href=\"https:\/\/www.vithoulkas.com\/\" target=\"_blank\" rel=\"noopener noreferrer\">George Vithoulkas (vithoulkas.com)<\/a>\u00a0<\/span>, der er verdens f\u00f8rende hom\u00f8opat og som i 1996 modtog den alternative Nobelpris for hans bidrag til hom\u00f8opatisk videnskab.<\/p>\n<p>I det hele taget er det afg\u00f8rende for mig at have fingeren p\u00e5 pulsen i forhold til, hvad der sker inden for hom\u00f8opati. B\u00e5de for min egen skyld og endnu mere for at kunne hj\u00e6lpe mine patienter bedst muligt.<\/p>\n<p>&nbsp;<\/p>\n<p>&nbsp;<\/p>\n<p>&nbsp;<\/p>\n<h1><\/h1>\n<p>[\/et_pb_text][\/et_pb_column][et_pb_column type=&#8221;1_4&#8243; _builder_version=&#8221;3.25&#8243; custom_padding=&#8221;|||&#8221; custom_padding_tablet=&#8221;||||false&#8221; custom_padding_last_edited=&#8221;on|desktop&#8221; _i=&#8221;1&#8243; _address=&#8221;1.0.1&#8243; custom_padding__hover=&#8221;|||&#8221;][\/et_pb_column][\/et_pb_row][\/et_pb_section][et_pb_section fb_built=&#8221;1&#8243; admin_label=&#8221;Contact Info&#8221; _builder_version=&#8221;3.22&#8243; custom_padding=&#8221;0|0px|0|0px|false|false&#8221; fb_built=&#8221;1&#8243; _i=&#8221;2&#8243; _address=&#8221;2&#8243;][et_pb_row column_structure=&#8221;2_3,1_3&#8243; use_custom_gutter=&#8221;on&#8221; make_equal=&#8221;on&#8221; _builder_version=&#8221;3.25&#8243; width=&#8221;100%&#8221; max_width=&#8221;100%&#8221; module_alignment=&#8221;left&#8221; custom_margin=&#8221;||-20vw&#8221; custom_padding=&#8221;0||0||false|false&#8221; use_custom_width=&#8221;on&#8221; width_unit=&#8221;off&#8221; custom_width_percent=&#8221;100%&#8221; _i=&#8221;0&#8243; _address=&#8221;2.0&#8243;][et_pb_column type=&#8221;2_3&#8243; _builder_version=&#8221;3.25&#8243; custom_padding=&#8221;8vw|||&#8221; custom_padding_tablet=&#8221;0vw|||&#8221; custom_padding_last_edited=&#8221;on|tablet&#8221; _i=&#8221;0&#8243; _address=&#8221;2.0.0&#8243; custom_padding__hover=&#8221;|||&#8221;][\/et_pb_column][et_pb_column type=&#8221;1_3&#8243; _builder_version=&#8221;3.25&#8243; background_size=&#8221;contain&#8221; background_position=&#8221;bottom_right&#8221; custom_padding=&#8221;|||&#8221; _i=&#8221;1&#8243; _address=&#8221;2.0.1&#8243; custom_padding__hover=&#8221;|||&#8221;][et_pb_image src=&#8221;https:\/\/www.sanumvita.dk\/wp-content\/uploads\/2019\/09\/spa-01.png&#8221; align_tablet=&#8221;center&#8221; align_last_edited=&#8221;on|desktop&#8221; _builder_version=&#8221;3.23&#8243; max_width_tablet=&#8221;33%&#8221; max_width_last_edited=&#8221;on|tablet&#8221; module_alignment=&#8221;right&#8221; custom_margin=&#8221;-5vw||-5vw||true&#8221; custom_margin_tablet=&#8221;-32vw||-32vw||true&#8221; custom_margin_phone=&#8221;-36vw||-36vw||true&#8221; custom_margin_last_edited=&#8221;on|desktop&#8221; force_fullwidth__hover=&#8221;off&#8221; force_fullwidth__hover_enabled=&#8221;off&#8221; max_width__hover=&#8221;100%&#8221; max_width__hover_enabled=&#8221;100%&#8221; _i=&#8221;0&#8243; _address=&#8221;2.0.1.0&#8243;][\/et_pb_image][\/et_pb_column][\/et_pb_row][\/et_pb_section]<\/p>\n","protected":false},"excerpt":{"rendered":"<p>&nbsp; Hvem er jeg? Jeg hedder Sofia Jensen og er uddannet ved Hom\u00f8opati Instituttet i K\u00f8benhavn.\u00a0\u00a0Jeg har videreuddannet mig p\u00e5 International Academy of Classical Homeopathy og har som eneste dansker diplom fra\u00a0vithoulkas.com\u00a0 Jeg er desuden optaget p\u00e5 akademiets liste over honourable members\u00a0\u00a0se her. Jeg er rigtig glad for fortsat at v\u00e6re tilknyttet det internationale akademi, [&hellip;]<\/p>\n","protected":false},"author":1,"featured_media":0,"parent":0,"menu_order":0,"comment_status":"closed","ping_status":"closed","template":"","meta":{"_et_pb_use_builder":"on","_et_pb_old_content":"","_et_gb_content_width":"","footnotes":""},"class_list":["post-177","page","type-page","status-publish","hentry"],"_links":{"self":[{"href":"https:\/\/www.sanumvita.dk\/index.php\/wp-json\/wp\/v2\/pages\/177","targetHints":{"allow":["GET"]}}],"collection":[{"href":"https:\/\/www.sanumvita.dk\/index.php\/wp-json\/wp\/v2\/pages"}],"about":[{"href":"https:\/\/www.sanumvita.dk\/index.php\/wp-json\/wp\/v2\/types\/page"}],"author":[{"embeddable":true,"href":"https:\/\/www.sanumvita.dk\/index.php\/wp-json\/wp\/v2\/users\/1"}],"replies":[{"embeddable":true,"href":"https:\/\/www.sanumvita.dk\/index.php\/wp-json\/wp\/v2\/comments?post=177"}],"version-history":[{"count":40,"href":"https:\/\/www.sanumvita.dk\/index.php\/wp-json\/wp\/v2\/pages\/177\/revisions"}],"predecessor-version":[{"id":861,"href":"https:\/\/www.sanumvita.dk\/index.php\/wp-json\/wp\/v2\/pages\/177\/revisions\/861"}],"wp:attachment":[{"href":"https:\/\/www.sanumvita.dk\/index.php\/wp-json\/wp\/v2\/media?parent=177"}],"curies":[{"name":"wp","href":"https:\/\/api.w.org\/{rel}","templated":true}]}}